{"id":2254,"date":"2015-10-05T09:51:07","date_gmt":"2015-10-05T06:51:07","guid":{"rendered":"https:\/\/www.buildy-ltd.com\/townhouse\/"},"modified":"2018-08-04T11:05:47","modified_gmt":"2018-08-04T08:05:47","slug":"townhouse","status":"publish","type":"page","link":"https:\/\/buildy-ltd.com\/tr\/erga\/townhouse\/","title":{"rendered":"Tamamlanmi\u015f Projeler"},"content":{"rendered":"<p>[vc_row css=&#8221;.vc_custom_1444050270976{padding-top: 0px !important;padding-bottom: 0px !important;}&#8221;][vc_column][vc_column_text]\t\t<div class=\"loop epl-shortcode\">\n\t\t\t<div class=\"loop-content epl-shortcode-listing-category\n\t\t\tepl-template-blog\t\t\t\">\n\t\t\t\t\r\n<div id=\"post-2244\" class=\"epl-listing-post epl-property-blog epl-clearfix post-2244 property type-property status-publish has-post-thumbnail hentry epl-status-current\">\r\n\t\t\t\t\t\t<div class=\"property-box property-box-left property-featured-image-wrapper\">\r\n\t\t\t\t<div class=\"epl-archive-entry-image\">\r\n\t\t\t\t\t<a href=\"https:\/\/buildy-ltd.com\/tr\/property\/kataskeyi-dyo-polytelon-triorofon-katoikion\/\" title=\"\u0130ki l\u00fcks \u00fc\u00e7 katl\u0131 rezidans in\u015faat\u0131 &#8211; Apartman 1\">\r\n\t\t\t\t\t\t<div class=\"epl-blog-image\">\r\n\t\t\t\t\t\t\t\t\t\t\t\t\t\t<img width=\"560\" height=\"385\" src=\"https:\/\/buildy-ltd.com\/wp-content\/uploads\/2018\/03\/1.\u0395\u039e\u03a9\u03a6\u03a5\u039b\u039b\u039f-1-560x385.jpg\" class=\"teaser-left-thumb wp-post-image\" alt=\"\" loading=\"lazy\" \/>\t\t\t\t\t\t\t<!-- Price -->\r\n\t\t\t\t\t\t\t<div class=\"price\">\r\n\t\t\t\t\t\t\t\t<h5><span class=\"page-price\">-<\/span><\/h5>\r\n\t\t\t\t\t\t\t<\/div>\r\n\t\t\t\t\t\t<\/div>\r\n\t\t\t\t\t<\/a>\r\n\t\t\t\t<\/div>\r\n\t\t\t<\/div>\r\n\t\t\r\n\t\t<div class=\"property-box property-box-right property-content\">\r\n\t\t\t<!-- Category -->\r\n\t\t\t<p class=\"property-category\"><span class=\"epl-property-category\"><div class=\"property-category\">apoperatomena-erga<\/div><\/span><\/p>\r\n\t\t\t<!-- Heading -->\r\n\t\t\t<h3 class=\"entry-title\"><a href=\"https:\/\/buildy-ltd.com\/tr\/property\/kataskeyi-dyo-polytelon-triorofon-katoikion\/\" title=\"\u0130ki l\u00fcks \u00fc\u00e7 katl\u0131 rezidans in\u015faat\u0131 &#8211; Apartman 1\">\u0130ki l\u00fcks \u00fc\u00e7 katl\u0131 rezidans in\u015faat\u0131 - Apartman 1<\/a><\/h3>\r\n\t\t\t<!-- Address -->\r\n\t\t\t<div class=\"property-address\">\r\n\t\t\t\t<p>\t\t\t<span class=\"item-street\"><\/span>\n\t\n\t\t\t<span class=\"entry-title-sub\">\n\t\t\t\t\t\t\t<span class=\"item-suburb\"><\/span>\n\t\t\t\t\n\t\t\t\t\t\t<span class=\"item-state\">23, Kastoros Caddesi, Ano Poli, Selanik<\/span>\n\t\t\t<span class=\"item-pcode\"><\/span>\n\t\t\t\t\t<\/span>\n\t\t<\/p>\r\n\t\t\t<\/div>\r\n\t\t\t<div class=\"entry-content epl-list-view-content\">\r\n\t\t\t\t<p>Selanik'te bulunan Ano Poli b\u00f6lgesinde \u00fc\u00e7 katl\u0131 l\u00fcks bir rezidans in\u015faat\u0131. B\u00f6lgenin belirli mimari tarz\u0131 ile tam uyum i\u00e7inde olan bu bina, 3 katl\u0131 olarak geli\u015ftirilmi\u015f olan 170.00 m\u00b2 b\u00fcy\u00fckl\u00fc\u011f\u00fcnde bir dairedir. Rezidans 3 yatak odas\u0131, 2WC, bir oturma odas\u0131,...<\/p>\r\n\t\t\t<\/div>\r\n\t\t\t<!-- Property Featured Icons -->\r\n\t\t\t<div class=\"property-feature-icons\">\r\n\t\t\t\t<div class=\"property-icon-item\"><div class=\"property-icon-inner\"><h6><span class=\"property-icon\"><svg viewBox=\"0 0 48 48\" height=\"20\" width=\"20\" version=\"1.1\" x=\"0\" y=\"0\" xmlns=\"http:\/\/www.w3.org\/2000\/svg\" xml:space=\"preserve\"><path d=\"M46 16v-12c0-1.104-.896-2.001-2-2.001h-12c0-1.103-.896-1.999-2.002-1.999h-11.997c-1.105 0-2.001.896-2.001 1.999h-12c-1.104 0-2 .897-2 2.001v12c-1.104 0-2 .896-2 2v11.999c0 1.104.896 2 2 2v12.001c0 1.104.896 2 2 2h12c0 1.104.896 2 2.001 2h11.997c1.106 0 2.002-.896 2.002-2h12c1.104 0 2-.896 2-2v-12.001c1.104 0 2-.896 2-2v-11.999c0-1.104-.896-2-2-2zm-4.002 23.998c0 1.105-.895 2.002-2 2.002h-31.998c-1.105 0-2-.896-2-2.002v-31.999c0-1.104.895-1.999 2-1.999h31.998c1.105 0 2 .895 2 1.999v31.999zm-5.623-28.908c-.123-.051-.256-.078-.387-.078h-11.39c-.563 0-1.019.453-1.019 1.016 0 .562.456 1.017 1.019 1.017h8.935l-20.5 20.473v-8.926c0-.562-.455-1.017-1.018-1.017-.564 0-1.02.455-1.02 1.017v11.381c0 .562.455 1.016 1.02 1.016h11.39c.562 0 1.017-.454 1.017-1.016 0-.563-.455-1.019-1.017-1.019h-8.933l20.499-20.471v8.924c0 .563.452 1.018 1.018 1.018.561 0 1.016-.455 1.016-1.018v-11.379c0-.132-.025-.264-.076-.387-.107-.249-.304-.448-.554-.551z\"\/><\/svg><\/span><span class=\"property-icon-value\">170 \u03c4.\u03bc.<\/span><\/h6><\/div><\/div><div class=\"property-icon-item\"><div class=\"property-icon-inner\"><h6><span class=\"property-icon\"><svg version=\"1.1\" id=\"layer-icon-bed\" xml:space=\"preserve\" xmlns=\"http:\/\/www.w3.org\/2000\/svg\" xmlns:xlink=\"http:\/\/www.w3.org\/1999\/xlink\" x=\"0\" y=\"0\" width=\"20\" height=\"20\" viewBox=\"0 0 240 240\" enable-background=\"new 0 0 240 240\"><path d=\"M80,119.834c0,13.241-10.729,23.979-23.963,23.979c-13.232,0-23.962-10.737-23.962-23.979  c0-13.239,10.729-23.975,23.962-23.975C69.271,95.859,80,106.595,80,119.834z M80,143.812c42.6,0,85.201,0,127.801,0  C162.759,100.185,125.654,102.203,80,143.812L80,143.812z M224.025,112.094v47.953H15.975V80H0v127.875h15.975v-16.109h208.05V208  H240v-95.906H224.025z\"\/><\/svg><\/span><span class=\"property-icon-value\">3 Bedrooms<\/span><\/h6><\/div><\/div><div class=\"property-icon-item\"><div class=\"property-icon-inner\"><h6><span class=\"property-icon\"><svg xml:space=\"preserve\" enable-background=\"new 0 0 24 24\" viewBox=\"0 0 24 24\" height=\"20\" width=\"20\" y=\"0px\" x=\"0px\" id=\"Layer_1\" version=\"1.1\" xmlns:xlink=\"http:\/\/www.w3.org\/1999\/xlink\" xmlns=\"http:\/\/www.w3.org\/2000\/svg\"><path d=\"M23.001 12h-1.513C21.805 11.6 22 11.1 22 10.5C22 9.1 20.9 8 19.5 8S17 9.1 17 10.5 c0 0.6 0.2 1.1 0.5 1.5H2.999c0-0.001 0-0.002 0-0.002V2.983V2.98c0.084-0.169-0.083-0.979 1-0.981h0.006 C4.008 2 4.3 2 4.5 2.104L4.292 2.292c-0.39 0.392-0.39 1 0 1.415c0.391 0.4 1 0.4 1.4 0l2-1.999 c0.39-0.391 0.39-1.025 0-1.415c-0.391-0.391-1.023-0.391-1.415 0L5.866 0.72C5.775 0.6 5.7 0.5 5.5 0.4 C4.776 0 4.1 0 4 0H3.984v0.001C1.195 0 1 2.7 1 2.98v0.019v0.032v8.967c0 0 0 0 0 0.002H0.999 C0.447 12 0 12.4 0 12.999S0.447 14 1 14H1v2.001c0.001 2.6 1.7 4.8 4 5.649V23c0 0.6 0.4 1 1 1s1-0.447 1-1v-1h10v1 c0 0.6 0.4 1 1 1s1-0.447 1-1v-1.102c2.745-0.533 3.996-3.222 4-5.897V14h0.001C23.554 14 24 13.6 24 13 S23.554 12 23 12z M21.001 16.001c-0.091 2.539-0.927 3.97-3.001 3.997H7c-2.208-0.004-3.996-1.79-4-3.997V14h15.173 c-0.379 0.484-0.813 0.934-1.174 1.003c-0.54 0.104-0.999 0.446-0.999 1c0 0.6 0.4 1 1 1 c2.159-0.188 3.188-2.006 3.639-2.999h0.363V16.001z\" class=\"path\"\/>\r\n<rect height=\"1.4\" width=\"1\" transform=\"matrix(-0.7071 0.7071 -0.7071 -0.7071 15.6319 3.2336)\" y=\"4.1\" x=\"6.6\" class=\"rect\"\/>\r\n<rect height=\"1\" width=\"1.4\" transform=\"matrix(0.7066 0.7076 -0.7076 0.7066 4.9969 -6.342)\" y=\"2.4\" x=\"9.4\" class=\"rect\"\/>\r\n<rect height=\"1\" width=\"1.4\" transform=\"matrix(0.7071 0.7071 -0.7071 0.7071 7.8179 -5.167)\" y=\"6.4\" x=\"9.4\" class=\"rect\"\/>\r\n<rect height=\"1\" width=\"1.4\" transform=\"matrix(0.7069 0.7073 -0.7073 0.7069 7.2858 -7.8754)\" y=\"4.4\" x=\"12.4\" class=\"rect\"\/>\r\n<rect height=\"1\" width=\"1.4\" transform=\"matrix(-0.7064 -0.7078 0.7078 -0.7064 18.5823 23.4137)\" y=\"7.4\" x=\"13.4\" class=\"rect\"\/>\r\n<\/svg><\/span><span class=\"property-icon-value\">2 Bathrooms<\/span><\/h6><\/div><\/div>\t\t\t<\/div>\r\n\t\t<\/div>\r\n\t<\/div>\r\n<div id=\"post-2247\" class=\"epl-listing-post epl-property-blog epl-clearfix post-2247 property type-property status-publish has-post-thumbnail hentry epl-status-current\">\r\n\t\t\t\t\t\t<div class=\"property-box property-box-left property-featured-image-wrapper\">\r\n\t\t\t\t<div class=\"epl-archive-entry-image\">\r\n\t\t\t\t\t<a href=\"https:\/\/buildy-ltd.com\/tr\/property\/kataskeyi-dyo-polytelon-triorofon-katoikion-2\/\" title=\"\u0130ki l\u00fcks \u00fc\u00e7 katl\u0131 rezidans in\u015faat\u0131 &#8211; Apartman 2\">\r\n\t\t\t\t\t\t<div class=\"epl-blog-image\">\r\n\t\t\t\t\t\t\t\t\t\t\t\t\t\t<img width=\"560\" height=\"385\" src=\"https:\/\/buildy-ltd.com\/wp-content\/uploads\/2018\/03\/1.\u0395\u039e\u03a9\u03a6\u03a5\u039b\u039b\u039f-1-560x385.jpg\" class=\"teaser-left-thumb wp-post-image\" alt=\"\" loading=\"lazy\" \/>\t\t\t\t\t\t\t<!-- Price -->\r\n\t\t\t\t\t\t\t<div class=\"price\">\r\n\t\t\t\t\t\t\t\t<h5><span class=\"page-price\">-<\/span><\/h5>\r\n\t\t\t\t\t\t\t<\/div>\r\n\t\t\t\t\t\t<\/div>\r\n\t\t\t\t\t<\/a>\r\n\t\t\t\t<\/div>\r\n\t\t\t<\/div>\r\n\t\t\r\n\t\t<div class=\"property-box property-box-right property-content\">\r\n\t\t\t<!-- Category -->\r\n\t\t\t<p class=\"property-category\"><span class=\"epl-property-category\"><div class=\"property-category\">apoperatomena-erga<\/div><\/span><\/p>\r\n\t\t\t<!-- Heading -->\r\n\t\t\t<h3 class=\"entry-title\"><a href=\"https:\/\/buildy-ltd.com\/tr\/property\/kataskeyi-dyo-polytelon-triorofon-katoikion-2\/\" title=\"\u0130ki l\u00fcks \u00fc\u00e7 katl\u0131 rezidans in\u015faat\u0131 &#8211; Apartman 2\">\u0130ki l\u00fcks \u00fc\u00e7 katl\u0131 rezidans in\u015faat\u0131 - Apartman 2<\/a><\/h3>\r\n\t\t\t<!-- Address -->\r\n\t\t\t<div class=\"property-address\">\r\n\t\t\t\t<p>\t\t\t<span class=\"item-street\"><\/span>\n\t\n\t\t\t<span class=\"entry-title-sub\">\n\t\t\t\t\t\t\t<span class=\"item-suburb\"><\/span>\n\t\t\t\t\n\t\t\t\t\t\t<span class=\"item-state\">23, Kastoros Caddesi, Ano Poli, Selanik<\/span>\n\t\t\t<span class=\"item-pcode\"><\/span>\n\t\t\t\t\t<\/span>\n\t\t<\/p>\r\n\t\t\t<\/div>\r\n\t\t\t<div class=\"entry-content epl-list-view-content\">\r\n\t\t\t\t<p>Selanik'te bulunan Ano Poli b\u00f6lgesinde \u00fc\u00e7 katl\u0131 l\u00fcks bir rezidans in\u015faat\u0131. B\u00f6lgenin belirli mimari tarz\u0131 ile tam uyum i\u00e7inde olan bu bina, 3 katl\u0131 olarak geli\u015ftirilmi\u015f olan 156.00 m\u00b2 b\u00fcy\u00fckl\u00fc\u011f\u00fcnde bir dairedir. Rezidans 3 yatak odas\u0131, 2WC, bir oturma odas\u0131,...<\/p>\r\n\t\t\t<\/div>\r\n\t\t\t<!-- Property Featured Icons -->\r\n\t\t\t<div class=\"property-feature-icons\">\r\n\t\t\t\t<div class=\"property-icon-item\"><div class=\"property-icon-inner\"><h6><span class=\"property-icon\"><svg viewBox=\"0 0 48 48\" height=\"20\" width=\"20\" version=\"1.1\" x=\"0\" y=\"0\" xmlns=\"http:\/\/www.w3.org\/2000\/svg\" xml:space=\"preserve\"><path d=\"M46 16v-12c0-1.104-.896-2.001-2-2.001h-12c0-1.103-.896-1.999-2.002-1.999h-11.997c-1.105 0-2.001.896-2.001 1.999h-12c-1.104 0-2 .897-2 2.001v12c-1.104 0-2 .896-2 2v11.999c0 1.104.896 2 2 2v12.001c0 1.104.896 2 2 2h12c0 1.104.896 2 2.001 2h11.997c1.106 0 2.002-.896 2.002-2h12c1.104 0 2-.896 2-2v-12.001c1.104 0 2-.896 2-2v-11.999c0-1.104-.896-2-2-2zm-4.002 23.998c0 1.105-.895 2.002-2 2.002h-31.998c-1.105 0-2-.896-2-2.002v-31.999c0-1.104.895-1.999 2-1.999h31.998c1.105 0 2 .895 2 1.999v31.999zm-5.623-28.908c-.123-.051-.256-.078-.387-.078h-11.39c-.563 0-1.019.453-1.019 1.016 0 .562.456 1.017 1.019 1.017h8.935l-20.5 20.473v-8.926c0-.562-.455-1.017-1.018-1.017-.564 0-1.02.455-1.02 1.017v11.381c0 .562.455 1.016 1.02 1.016h11.39c.562 0 1.017-.454 1.017-1.016 0-.563-.455-1.019-1.017-1.019h-8.933l20.499-20.471v8.924c0 .563.452 1.018 1.018 1.018.561 0 1.016-.455 1.016-1.018v-11.379c0-.132-.025-.264-.076-.387-.107-.249-.304-.448-.554-.551z\"\/><\/svg><\/span><span class=\"property-icon-value\">156 \u03c4.\u03bc.<\/span><\/h6><\/div><\/div><div class=\"property-icon-item\"><div class=\"property-icon-inner\"><h6><span class=\"property-icon\"><svg version=\"1.1\" id=\"layer-icon-bed\" xml:space=\"preserve\" xmlns=\"http:\/\/www.w3.org\/2000\/svg\" xmlns:xlink=\"http:\/\/www.w3.org\/1999\/xlink\" x=\"0\" y=\"0\" width=\"20\" height=\"20\" viewBox=\"0 0 240 240\" enable-background=\"new 0 0 240 240\"><path d=\"M80,119.834c0,13.241-10.729,23.979-23.963,23.979c-13.232,0-23.962-10.737-23.962-23.979  c0-13.239,10.729-23.975,23.962-23.975C69.271,95.859,80,106.595,80,119.834z M80,143.812c42.6,0,85.201,0,127.801,0  C162.759,100.185,125.654,102.203,80,143.812L80,143.812z M224.025,112.094v47.953H15.975V80H0v127.875h15.975v-16.109h208.05V208  H240v-95.906H224.025z\"\/><\/svg><\/span><span class=\"property-icon-value\">3 Bedrooms<\/span><\/h6><\/div><\/div><div class=\"property-icon-item\"><div class=\"property-icon-inner\"><h6><span class=\"property-icon\"><svg xml:space=\"preserve\" enable-background=\"new 0 0 24 24\" viewBox=\"0 0 24 24\" height=\"20\" width=\"20\" y=\"0px\" x=\"0px\" id=\"Layer_1\" version=\"1.1\" xmlns:xlink=\"http:\/\/www.w3.org\/1999\/xlink\" xmlns=\"http:\/\/www.w3.org\/2000\/svg\"><path d=\"M23.001 12h-1.513C21.805 11.6 22 11.1 22 10.5C22 9.1 20.9 8 19.5 8S17 9.1 17 10.5 c0 0.6 0.2 1.1 0.5 1.5H2.999c0-0.001 0-0.002 0-0.002V2.983V2.98c0.084-0.169-0.083-0.979 1-0.981h0.006 C4.008 2 4.3 2 4.5 2.104L4.292 2.292c-0.39 0.392-0.39 1 0 1.415c0.391 0.4 1 0.4 1.4 0l2-1.999 c0.39-0.391 0.39-1.025 0-1.415c-0.391-0.391-1.023-0.391-1.415 0L5.866 0.72C5.775 0.6 5.7 0.5 5.5 0.4 C4.776 0 4.1 0 4 0H3.984v0.001C1.195 0 1 2.7 1 2.98v0.019v0.032v8.967c0 0 0 0 0 0.002H0.999 C0.447 12 0 12.4 0 12.999S0.447 14 1 14H1v2.001c0.001 2.6 1.7 4.8 4 5.649V23c0 0.6 0.4 1 1 1s1-0.447 1-1v-1h10v1 c0 0.6 0.4 1 1 1s1-0.447 1-1v-1.102c2.745-0.533 3.996-3.222 4-5.897V14h0.001C23.554 14 24 13.6 24 13 S23.554 12 23 12z M21.001 16.001c-0.091 2.539-0.927 3.97-3.001 3.997H7c-2.208-0.004-3.996-1.79-4-3.997V14h15.173 c-0.379 0.484-0.813 0.934-1.174 1.003c-0.54 0.104-0.999 0.446-0.999 1c0 0.6 0.4 1 1 1 c2.159-0.188 3.188-2.006 3.639-2.999h0.363V16.001z\" class=\"path\"\/>\r\n<rect height=\"1.4\" width=\"1\" transform=\"matrix(-0.7071 0.7071 -0.7071 -0.7071 15.6319 3.2336)\" y=\"4.1\" x=\"6.6\" class=\"rect\"\/>\r\n<rect height=\"1\" width=\"1.4\" transform=\"matrix(0.7066 0.7076 -0.7076 0.7066 4.9969 -6.342)\" y=\"2.4\" x=\"9.4\" class=\"rect\"\/>\r\n<rect height=\"1\" width=\"1.4\" transform=\"matrix(0.7071 0.7071 -0.7071 0.7071 7.8179 -5.167)\" y=\"6.4\" x=\"9.4\" class=\"rect\"\/>\r\n<rect height=\"1\" width=\"1.4\" transform=\"matrix(0.7069 0.7073 -0.7073 0.7069 7.2858 -7.8754)\" y=\"4.4\" x=\"12.4\" class=\"rect\"\/>\r\n<rect height=\"1\" width=\"1.4\" transform=\"matrix(-0.7064 -0.7078 0.7078 -0.7064 18.5823 23.4137)\" y=\"7.4\" x=\"13.4\" class=\"rect\"\/>\r\n<\/svg><\/span><span class=\"property-icon-value\">2 Bathrooms<\/span><\/h6><\/div><\/div>\t\t\t<\/div>\r\n\t\t<\/div>\r\n\t<\/div>\r\n<div id=\"post-2286\" class=\"epl-listing-post epl-property-blog epl-clearfix post-2286 property type-property status-publish has-post-thumbnail hentry epl-status-current\">\r\n\t\t\t\t\t\t<div class=\"property-box property-box-left property-featured-image-wrapper\">\r\n\t\t\t\t<div class=\"epl-archive-entry-image\">\r\n\t\t\t\t\t<a href=\"https:\/\/buildy-ltd.com\/tr\/property\/kataskeyi-tetraorofis-oikodomis-me-tmima-ypogeioy-kai-gkaraz\/\" title=\"Bodrum kat ve garajl\u0131 d\u00f6rt katl\u0131 bir binan\u0131n in\u015faat\u0131.\">\r\n\t\t\t\t\t\t<div class=\"epl-blog-image\">\r\n\t\t\t\t\t\t\t\t\t\t\t\t\t\t<img width=\"560\" height=\"385\" src=\"https:\/\/buildy-ltd.com\/wp-content\/uploads\/2018\/03\/danais-560x385.jpg\" class=\"teaser-left-thumb wp-post-image\" alt=\"\" loading=\"lazy\" \/>\t\t\t\t\t\t\t<!-- Price -->\r\n\t\t\t\t\t\t\t<div class=\"price\">\r\n\t\t\t\t\t\t\t\t<h5><span class=\"page-price\">-<\/span><\/h5>\r\n\t\t\t\t\t\t\t<\/div>\r\n\t\t\t\t\t\t<\/div>\r\n\t\t\t\t\t<\/a>\r\n\t\t\t\t<\/div>\r\n\t\t\t<\/div>\r\n\t\t\r\n\t\t<div class=\"property-box property-box-right property-content\">\r\n\t\t\t<!-- Category -->\r\n\t\t\t<p class=\"property-category\"><span class=\"epl-property-category\"><div class=\"property-category\">apoperatomena-erga<\/div><\/span><\/p>\r\n\t\t\t<!-- Heading -->\r\n\t\t\t<h3 class=\"entry-title\"><a href=\"https:\/\/buildy-ltd.com\/tr\/property\/kataskeyi-tetraorofis-oikodomis-me-tmima-ypogeioy-kai-gkaraz\/\" title=\"Bodrum kat ve garajl\u0131 d\u00f6rt katl\u0131 bir binan\u0131n in\u015faat\u0131.\">Bodrum kat ve garajl\u0131 d\u00f6rt katl\u0131 bir binan\u0131n in\u015faat\u0131.<\/a><\/h3>\r\n\t\t\t<!-- Address -->\r\n\t\t\t<div class=\"property-address\">\r\n\t\t\t\t<p>\t\t\t<span class=\"item-street\"><\/span>\n\t\n\t\t\t<span class=\"entry-title-sub\">\n\t\t\t\t\t\t\t<span class=\"item-suburb\"><\/span>\n\t\t\t\t\n\t\t\t\t\t\t<span class=\"item-state\">Danais caddesi &amp; Dorou caddesi, Ano Poli, Selanik<\/span>\n\t\t\t<span class=\"item-pcode\"><\/span>\n\t\t\t\t\t<\/span>\n\t\t<\/p>\r\n\t\t\t<\/div>\r\n\t\t\t<div class=\"entry-content epl-list-view-content\">\r\n\t\t\t\t<p>...<\/p>\r\n\t\t\t<\/div>\r\n\t\t\t<!-- Property Featured Icons -->\r\n\t\t\t<div class=\"property-feature-icons\">\r\n\t\t\t\t\t\t\t<\/div>\r\n\t\t<\/div>\r\n\t<\/div>\r\n<div id=\"post-2250\" class=\"epl-listing-post epl-property-blog epl-clearfix post-2250 property type-property status-publish has-post-thumbnail hentry epl-status-current\">\r\n\t\t\t\t\t\t<div class=\"property-box property-box-left property-featured-image-wrapper\">\r\n\t\t\t\t<div class=\"epl-archive-entry-image\">\r\n\t\t\t\t\t<a href=\"https:\/\/buildy-ltd.com\/tr\/property\/kataskeyi-polyteloys-triorofis-monokatoikias-me-tmima-ypogeioy-2\/\" title=\"Bodrum kat\u0131na sahip l\u00fcks \u00fc\u00e7 katl\u0131 m\u00fcstakil ev in\u015faat\u0131\">\r\n\t\t\t\t\t\t<div class=\"epl-blog-image\">\r\n\t\t\t\t\t\t\t\t\t\t\t\t\t\t<img width=\"560\" height=\"385\" src=\"https:\/\/buildy-ltd.com\/wp-content\/uploads\/2018\/03\/AMILTONOS-1-Model-560x385.jpg\" class=\"teaser-left-thumb wp-post-image\" alt=\"\" loading=\"lazy\" \/>\t\t\t\t\t\t\t<!-- Price -->\r\n\t\t\t\t\t\t\t<div class=\"price\">\r\n\t\t\t\t\t\t\t\t<h5><span class=\"page-price\">-<\/span><\/h5>\r\n\t\t\t\t\t\t\t<\/div>\r\n\t\t\t\t\t\t<\/div>\r\n\t\t\t\t\t<\/a>\r\n\t\t\t\t<\/div>\r\n\t\t\t<\/div>\r\n\t\t\r\n\t\t<div class=\"property-box property-box-right property-content\">\r\n\t\t\t<!-- Category -->\r\n\t\t\t<p class=\"property-category\"><span class=\"epl-property-category\"><div class=\"property-category\">apoperatomena-erga<\/div><\/span><\/p>\r\n\t\t\t<!-- Heading -->\r\n\t\t\t<h3 class=\"entry-title\"><a href=\"https:\/\/buildy-ltd.com\/tr\/property\/kataskeyi-polyteloys-triorofis-monokatoikias-me-tmima-ypogeioy-2\/\" title=\"Bodrum kat\u0131na sahip l\u00fcks \u00fc\u00e7 katl\u0131 m\u00fcstakil ev in\u015faat\u0131\">Bodrum kat\u0131na sahip l\u00fcks \u00fc\u00e7 katl\u0131 m\u00fcstakil ev in\u015faat\u0131<\/a><\/h3>\r\n\t\t\t<!-- Address -->\r\n\t\t\t<div class=\"property-address\">\r\n\t\t\t\t<p>\t\t\t<span class=\"item-street\"><\/span>\n\t\n\t\t\t<span class=\"entry-title-sub\">\n\t\t\t\t\t\t\t<span class=\"item-suburb\"><\/span>\n\t\t\t\t\n\t\t\t\t\t\t<span class=\"item-state\">27, Anaxagora Caddesi&amp; 30, Amiltonos Caddesi, Ano Poli, Selanik<\/span>\n\t\t\t<span class=\"item-pcode\"><\/span>\n\t\t\t\t\t<\/span>\n\t\t<\/p>\r\n\t\t\t<\/div>\r\n\t\t\t<div class=\"entry-content epl-list-view-content\">\r\n\t\t\t\t<p>...<\/p>\r\n\t\t\t<\/div>\r\n\t\t\t<!-- Property Featured Icons -->\r\n\t\t\t<div class=\"property-feature-icons\">\r\n\t\t\t\t\t\t\t<\/div>\r\n\t\t<\/div>\r\n\t<\/div>\r\n<div id=\"post-2252\" class=\"epl-listing-post epl-property-blog epl-clearfix post-2252 property type-property status-publish has-post-thumbnail hentry epl-status-current\">\r\n\t\t\t\t\t\t<div class=\"property-box property-box-left property-featured-image-wrapper\">\r\n\t\t\t\t<div class=\"epl-archive-entry-image\">\r\n\t\t\t\t\t<a href=\"https:\/\/buildy-ltd.com\/tr\/property\/kataskeyi-polyteloys-triorofis-monokatoikias-me-tmima-ypogeioy\/\" title=\"Bodrum kat\u0131na sahip l\u00fcks \u00fc\u00e7 katl\u0131 m\u00fcstakil ev in\u015faat\u0131\">\r\n\t\t\t\t\t\t<div class=\"epl-blog-image\">\r\n\t\t\t\t\t\t\t\t\t\t\t\t\t\t<img width=\"560\" height=\"385\" src=\"https:\/\/buildy-ltd.com\/wp-content\/uploads\/2018\/03\/AMILTONOS-2-Model-560x385.jpg\" class=\"teaser-left-thumb wp-post-image\" alt=\"\" loading=\"lazy\" \/>\t\t\t\t\t\t\t<!-- Price -->\r\n\t\t\t\t\t\t\t<div class=\"price\">\r\n\t\t\t\t\t\t\t\t<h5><span class=\"page-price\">-<\/span><\/h5>\r\n\t\t\t\t\t\t\t<\/div>\r\n\t\t\t\t\t\t<\/div>\r\n\t\t\t\t\t<\/a>\r\n\t\t\t\t<\/div>\r\n\t\t\t<\/div>\r\n\t\t\r\n\t\t<div class=\"property-box property-box-right property-content\">\r\n\t\t\t<!-- Category -->\r\n\t\t\t<p class=\"property-category\"><span class=\"epl-property-category\"><div class=\"property-category\">apoperatomena-erga<\/div><\/span><\/p>\r\n\t\t\t<!-- Heading -->\r\n\t\t\t<h3 class=\"entry-title\"><a href=\"https:\/\/buildy-ltd.com\/tr\/property\/kataskeyi-polyteloys-triorofis-monokatoikias-me-tmima-ypogeioy\/\" title=\"Bodrum kat\u0131na sahip l\u00fcks \u00fc\u00e7 katl\u0131 m\u00fcstakil ev in\u015faat\u0131\">Bodrum kat\u0131na sahip l\u00fcks \u00fc\u00e7 katl\u0131 m\u00fcstakil ev in\u015faat\u0131<\/a><\/h3>\r\n\t\t\t<!-- Address -->\r\n\t\t\t<div class=\"property-address\">\r\n\t\t\t\t<p>\t\t\t<span class=\"item-street\"><\/span>\n\t\n\t\t\t<span class=\"entry-title-sub\">\n\t\t\t\t\t\t\t<span class=\"item-suburb\"><\/span>\n\t\t\t\t\n\t\t\t\t\t\t<span class=\"item-state\">25, Anaxagora Caddesi&amp; 28, Amiltonos Caddesi, Ano Poli, Selanik<\/span>\n\t\t\t<span class=\"item-pcode\"><\/span>\n\t\t\t\t\t<\/span>\n\t\t<\/p>\r\n\t\t\t<\/div>\r\n\t\t\t<div class=\"entry-content epl-list-view-content\">\r\n\t\t\t\t<p>...<\/p>\r\n\t\t\t<\/div>\r\n\t\t\t<!-- Property Featured Icons -->\r\n\t\t\t<div class=\"property-feature-icons\">\r\n\t\t\t\t\t\t\t<\/div>\r\n\t\t<\/div>\r\n\t<\/div>\t\t\t<\/div>\n\t\t\t<div class=\"loop-footer\">\n\t\t\t\t\n\t<div class=\"epl-paginate-default-wrapper epl-clearfix\">\n\t\t<div class=\"alignleft\"><\/div>\n\t\t<div class=\"alignright\"><\/div>\n\t<\/div>\n\t\t\t\t\t<\/div>\n\t\t<\/div>\n\t\t[\/vc_column_text][\/vc_column][\/vc_row]<\/p>\n","protected":false},"excerpt":{"rendered":"<p>[vc_row css=&#8221;.vc_custom_1444050270976{padding-top: 0px !important;padding-bottom: 0px !important;}&#8221;][vc_column][vc_column_text][\/vc_column_text][\/vc_column][\/vc_row]<\/p>\n","protected":false},"author":5,"featured_media":0,"parent":2268,"menu_order":0,"comment_status":"closed","ping_status":"closed","template":"","meta":[],"yoast_head":"<!-- This site is optimized with the Yoast SEO plugin v14.4.1 - https:\/\/yoast.com\/wordpress\/plugins\/seo\/ -->\n<title>Tamamlanmi\u015f Projeler | BUILDY LTD<\/title>\n<meta name=\"description\" content=\"Bu sayfada, BUILDY LTD \u0130n\u015faat Firmas\u0131 taraf\u0131ndan tamamlanan projelerin baz\u0131lar\u0131n\u0131 g\u00f6rme f\u0131rsat\u0131n\u0131z olacak.\" \/>\n<meta name=\"robots\" content=\"index, follow\" \/>\n<meta name=\"googlebot\" content=\"index, follow, max-snippet:-1, max-image-preview:large, max-video-preview:-1\" \/>\n<meta name=\"bingbot\" content=\"index, follow, max-snippet:-1, max-image-preview:large, max-video-preview:-1\" \/>\n<link rel=\"canonical\" href=\"https:\/\/www.buildy-ltd.com\/tr\/erga\/townhouse\/\" \/>\n<meta property=\"og:locale\" content=\"tr_TR\" \/>\n<meta property=\"og:type\" content=\"article\" \/>\n<meta property=\"og:title\" content=\"Tamamlanmi\u015f Projeler | BUILDY LTD\" \/>\n<meta property=\"og:description\" content=\"Bu sayfada, BUILDY LTD \u0130n\u015faat Firmas\u0131 taraf\u0131ndan tamamlanan projelerin baz\u0131lar\u0131n\u0131 g\u00f6rme f\u0131rsat\u0131n\u0131z olacak.\" \/>\n<meta property=\"og:url\" content=\"https:\/\/www.buildy-ltd.com\/tr\/erga\/townhouse\/\" \/>\n<meta property=\"og:site_name\" content=\"BUILDY \u0395.\u03a0.\u0395.\" \/>\n<meta property=\"article:modified_time\" content=\"2018-08-04T08:05:47+00:00\" \/>\n<meta name=\"twitter:card\" content=\"summary_large_image\" \/>\n<script type=\"application\/ld+json\" class=\"yoast-schema-graph\">{\"@context\":\"https:\/\/schema.org\",\"@graph\":[{\"@type\":\"WebSite\",\"@id\":\"https:\/\/buildy-ltd.com\/tr\/#website\",\"url\":\"https:\/\/buildy-ltd.com\/tr\/\",\"name\":\"BUILDY \\u0395.\\u03a0.\\u0395.\",\"description\":\"\",\"potentialAction\":[{\"@type\":\"SearchAction\",\"target\":\"https:\/\/buildy-ltd.com\/tr\/?s={search_term_string}\",\"query-input\":\"required name=search_term_string\"}],\"inLanguage\":\"tr\"},{\"@type\":\"WebPage\",\"@id\":\"https:\/\/www.buildy-ltd.com\/tr\/erga\/townhouse\/#webpage\",\"url\":\"https:\/\/www.buildy-ltd.com\/tr\/erga\/townhouse\/\",\"name\":\"Tamamlanmi\\u015f Projeler | BUILDY LTD\",\"isPartOf\":{\"@id\":\"https:\/\/buildy-ltd.com\/tr\/#website\"},\"datePublished\":\"2015-10-05T06:51:07+00:00\",\"dateModified\":\"2018-08-04T08:05:47+00:00\",\"description\":\"Bu sayfada, BUILDY LTD \\u0130n\\u015faat Firmas\\u0131 taraf\\u0131ndan tamamlanan projelerin baz\\u0131lar\\u0131n\\u0131 g\\u00f6rme f\\u0131rsat\\u0131n\\u0131z olacak.\",\"inLanguage\":\"tr\",\"potentialAction\":[{\"@type\":\"ReadAction\",\"target\":[\"https:\/\/www.buildy-ltd.com\/tr\/erga\/townhouse\/\"]}]}]}<\/script>\n<!-- \/ Yoast SEO plugin. -->","_links":{"self":[{"href":"https:\/\/buildy-ltd.com\/tr\/wp-json\/wp\/v2\/pages\/2254"}],"collection":[{"href":"https:\/\/buildy-ltd.com\/tr\/wp-json\/wp\/v2\/pages"}],"about":[{"href":"https:\/\/buildy-ltd.com\/tr\/wp-json\/wp\/v2\/types\/page"}],"author":[{"embeddable":true,"href":"https:\/\/buildy-ltd.com\/tr\/wp-json\/wp\/v2\/users\/5"}],"replies":[{"embeddable":true,"href":"https:\/\/buildy-ltd.com\/tr\/wp-json\/wp\/v2\/comments?post=2254"}],"version-history":[{"count":0,"href":"https:\/\/buildy-ltd.com\/tr\/wp-json\/wp\/v2\/pages\/2254\/revisions"}],"up":[{"embeddable":true,"href":"https:\/\/buildy-ltd.com\/tr\/wp-json\/wp\/v2\/pages\/2268"}],"wp:attachment":[{"href":"https:\/\/buildy-ltd.com\/tr\/wp-json\/wp\/v2\/media?parent=2254"}],"curies":[{"name":"wp","href":"https:\/\/api.w.org\/{rel}","templated":true}]}}